{"id":620,"date":"2021-02-03T21:46:05","date_gmt":"2021-02-03T21:46:05","guid":{"rendered":"https:\/\/mundoeducativodigital.com\/?page_id=620"},"modified":"2023-05-20T04:17:58","modified_gmt":"2023-05-20T04:17:58","slug":"listado-de-cursos","status":"publish","type":"page","link":"https:\/\/mundoeducativodigital.com\/index.php\/listado-de-cursos\/","title":{"rendered":"Cursos"},"content":{"rendered":"\t\t<div data-elementor-type=\"wp-page\" data-elementor-id=\"620\" class=\"elementor elementor-620\">\n\t\t\t\t\t\t<section class=\"elementor-section elementor-top-section elementor-element elementor-element-00da93c elementor-section-boxed elementor-section-height-default elementor-section-height-default\" data-id=\"00da93c\" data-element_type=\"section\">\n\t\t\t\t\t\t<div class=\"elementor-container elementor-column-gap-default\">\n\t\t\t\t\t<div class=\"elementor-column elementor-col-100 elementor-top-column elementor-element elementor-element-7d9960a\" data-id=\"7d9960a\" data-element_type=\"column\">\n\t\t\t<div class=\"elementor-widget-wrap elementor-element-populated\">\n\t\t\t\t\t\t<div class=\"elementor-element elementor-element-beda019 elementor-widget elementor-widget-heading\" data-id=\"beda019\" data-element_type=\"widget\" data-widget_type=\"heading.default\">\n\t\t\t\t<div class=\"elementor-widget-container\">\n\t\t\t\t\t<h2 class=\"elementor-heading-title elementor-size-default\">PLATAFORMAS EDUCATIVAS ONLINE<br><\/h2>\t\t\t\t<\/div>\n\t\t\t\t<\/div>\n\t\t\t\t<div class=\"elementor-element elementor-element-1ca38dc elementor-widget-divider--view-line elementor-widget elementor-widget-divider\" data-id=\"1ca38dc\" data-element_type=\"widget\" data-widget_type=\"divider.default\">\n\t\t\t\t<div class=\"elementor-widget-container\">\n\t\t\t\t\t\t\t<div class=\"elementor-divider\">\n\t\t\t<span class=\"elementor-divider-separator\">\n\t\t\t\t\t\t<\/span>\n\t\t<\/div>\n\t\t\t\t\t\t<\/div>\n\t\t\t\t<\/div>\n\t\t\t\t<section class=\"elementor-section elementor-inner-section elementor-element elementor-element-3b5ae9e elementor-section-boxed elementor-section-height-default elementor-section-height-default\" data-id=\"3b5ae9e\" data-element_type=\"section\" data-settings=\"{&quot;background_background&quot;:&quot;slideshow&quot;,&quot;background_slideshow_gallery&quot;:[],&quot;background_slideshow_loop&quot;:&quot;yes&quot;,&quot;background_slideshow_slide_duration&quot;:5000,&quot;background_slideshow_slide_transition&quot;:&quot;fade&quot;,&quot;background_slideshow_transition_duration&quot;:500}\">\n\t\t\t\t\t\t<div class=\"elementor-container elementor-column-gap-default\">\n\t\t\t\t\t<div class=\"elementor-column elementor-col-50 elementor-inner-column elementor-element elementor-element-289f6c7\" data-id=\"289f6c7\" data-element_type=\"column\">\n\t\t\t<div class=\"elementor-widget-wrap elementor-element-populated\">\n\t\t\t\t\t\t<div class=\"elementor-element elementor-element-395b465 elementor-widget elementor-widget-heading\" data-id=\"395b465\" data-element_type=\"widget\" data-widget_type=\"heading.default\">\n\t\t\t\t<div class=\"elementor-widget-container\">\n\t\t\t\t\t<h2 class=\"elementor-heading-title elementor-size-default\">Ofim\u00e1tica<\/h2>\t\t\t\t<\/div>\n\t\t\t\t<\/div>\n\t\t\t\t<div class=\"elementor-element elementor-element-6b27fde elementor-button-success elementor-align-center elementor-widget elementor-widget-button\" data-id=\"6b27fde\" data-element_type=\"widget\" data-widget_type=\"button.default\">\n\t\t\t\t<div class=\"elementor-widget-container\">\n\t\t\t\t\t\t\t\t\t<div class=\"elementor-button-wrapper\">\n\t\t\t\t\t<a class=\"elementor-button elementor-button-link elementor-size-md\" href=\"https:\/\/ofimatica.mundoeducativodigital.com\/index.php\/auth\/login\" target=\"_blank\">\n\t\t\t\t\t\t<span class=\"elementor-button-content-wrapper\">\n\t\t\t\t\t\t<span class=\"elementor-button-icon\">\n\t\t\t\t<i aria-hidden=\"true\" class=\"far fa-hand-point-up\"><\/i>\t\t\t<\/span>\n\t\t\t\t\t\t\t\t\t<span class=\"elementor-button-text\">Ingresar al curso de ofim\u00e1tica<\/span>\n\t\t\t\t\t<\/span>\n\t\t\t\t\t<\/a>\n\t\t\t\t<\/div>\n\t\t\t\t\t\t\t\t<\/div>\n\t\t\t\t<\/div>\n\t\t\t\t<div class=\"elementor-element elementor-element-265d886 elementor-widget elementor-widget-image\" data-id=\"265d886\" data-element_type=\"widget\" data-widget_type=\"image.default\">\n\t\t\t\t<div class=\"elementor-widget-container\">\n\t\t\t\t\t\t\t\t\t\t\t\t\t\t\t<img fetchpriority=\"high\" decoding=\"async\" width=\"640\" height=\"427\" src=\"https:\/\/mundoeducativodigital.com\/wp-content\/uploads\/2020\/10\/pexels-photo-3184160-1024x683.jpeg\" class=\"attachment-large size-large wp-image-239\" alt=\"\" srcset=\"https:\/\/mundoeducativodigital.com\/wp-content\/uploads\/2020\/10\/pexels-photo-3184160-1024x683.jpeg 1024w, https:\/\/mundoeducativodigital.com\/wp-content\/uploads\/2020\/10\/pexels-photo-3184160-300x200.jpeg 300w, https:\/\/mundoeducativodigital.com\/wp-content\/uploads\/2020\/10\/pexels-photo-3184160-768x513.jpeg 768w, https:\/\/mundoeducativodigital.com\/wp-content\/uploads\/2020\/10\/pexels-photo-3184160-600x400.jpeg 600w, https:\/\/mundoeducativodigital.com\/wp-content\/uploads\/2020\/10\/pexels-photo-3184160.jpeg 1500w\" sizes=\"(max-width: 640px) 100vw, 640px\" \/>\t\t\t\t\t\t\t\t\t\t\t\t\t\t\t<\/div>\n\t\t\t\t<\/div>\n\t\t\t\t<div class=\"elementor-element elementor-element-02c8ba9 elementor-widget elementor-widget-video\" data-id=\"02c8ba9\" data-element_type=\"widget\" data-settings=\"{&quot;youtube_url&quot;:&quot;https:\\\/\\\/youtu.be\\\/N7kGotV0Hpo&quot;,&quot;video_type&quot;:&quot;youtube&quot;,&quot;controls&quot;:&quot;yes&quot;}\" data-widget_type=\"video.default\">\n\t\t\t\t<div class=\"elementor-widget-container\">\n\t\t\t\t\t\t\t<div class=\"elementor-wrapper elementor-open-inline\">\n\t\t\t<div class=\"elementor-video\"><\/div>\t\t<\/div>\n\t\t\t\t\t\t<\/div>\n\t\t\t\t<\/div>\n\t\t\t\t\t<\/div>\n\t\t<\/div>\n\t\t\t\t<div class=\"elementor-column elementor-col-50 elementor-inner-column elementor-element elementor-element-1d07bc0\" data-id=\"1d07bc0\" data-element_type=\"column\">\n\t\t\t<div class=\"elementor-widget-wrap elementor-element-populated\">\n\t\t\t\t\t\t<div class=\"elementor-element elementor-element-1da04a4 elementor-widget elementor-widget-text-editor\" data-id=\"1da04a4\" data-element_type=\"widget\" data-widget_type=\"text-editor.default\">\n\t\t\t\t<div class=\"elementor-widget-container\">\n\t\t\t\t\t\t\t\t\t<p>La Plataforma de Ofim\u00e1tica es una plataforma de aprendizaje en l\u00ednea dise\u00f1ada para ense\u00f1arte de manera completa y efectiva las herramientas m\u00e1s utilizadas en el mundo de la ofim\u00e1tica: Excel, PowerPoint y Word. Ya sea que est\u00e9s buscando mejorar tus habilidades existentes o comenzar desde cero, nuestra plataforma ofrece un enfoque paso a paso que se adapta a todos los niveles de habilidad.<\/p><p>Nuestro objetivo es brindarte las herramientas y conocimientos necesarios para que puedas utilizar estas poderosas herramientas de manera efectiva en tu vida personal y profesional. Con lecciones interactivas y pr\u00e1cticas, aprender\u00e1s desde los conceptos b\u00e1sicos hasta las funcionalidades m\u00e1s avanzadas de cada programa.<\/p><p>Adem\u00e1s de las lecciones de ofim\u00e1tica, nuestro curso va m\u00e1s all\u00e1 y te proporciona m\u00f3dulos de complemento especializados. Estos m\u00f3dulos abordan temas de gran relevancia en el mundo digital, como los delitos cibern\u00e9ticos y las recomendaciones para un buen uso de la tecnolog\u00eda. Tambi\u00e9n ofrecemos herramientas para los padres de familia, como el control parental, para garantizar la seguridad de los m\u00e1s peque\u00f1os en el entorno digital.<\/p><p>Nuestra plataforma es f\u00e1cil de usar y accesible para todos. Puedes aprender a tu propio ritmo, desde la comodidad de tu hogar u oficina, sin restricciones de horario. Adem\u00e1s, contar\u00e1s con materiales de apoyo, ejercicios pr\u00e1cticos y evaluaciones para asegurarte de que est\u00e1s consolidando tus conocimientos.<\/p><p>No importa si eres un principiante absoluto o si ya tienes experiencia previa, la Plataforma te proporcionar\u00e1 los conocimientos necesarios para utilizar Excel, PowerPoint y Word de manera eficiente y efectiva. \u00danete a nuestra plataforma hoy mismo y prep\u00e1rate para desbloquear tu potencial en el mundo de la ofim\u00e1tica. \u00a1Mejora tus habilidades y destaca en tu trabajo o estudios con la Plataforma\u00a0de\u00a0Ofim\u00e1tica!<\/p>\t\t\t\t\t\t\t\t<\/div>\n\t\t\t\t<\/div>\n\t\t\t\t\t<\/div>\n\t\t<\/div>\n\t\t\t\t\t<\/div>\n\t\t<\/section>\n\t\t\t\t<div class=\"elementor-element elementor-element-08cc4f6 elementor-widget-divider--view-line elementor-widget elementor-widget-divider\" data-id=\"08cc4f6\" data-element_type=\"widget\" data-widget_type=\"divider.default\">\n\t\t\t\t<div class=\"elementor-widget-container\">\n\t\t\t\t\t\t\t<div class=\"elementor-divider\">\n\t\t\t<span class=\"elementor-divider-separator\">\n\t\t\t\t\t\t<\/span>\n\t\t<\/div>\n\t\t\t\t\t\t<\/div>\n\t\t\t\t<\/div>\n\t\t\t\t<section class=\"elementor-section elementor-inner-section elementor-element elementor-element-4a62eee elementor-section-boxed elementor-section-height-default elementor-section-height-default\" data-id=\"4a62eee\" data-element_type=\"section\" data-settings=\"{&quot;background_background&quot;:&quot;slideshow&quot;,&quot;background_slideshow_gallery&quot;:[],&quot;background_slideshow_loop&quot;:&quot;yes&quot;,&quot;background_slideshow_slide_duration&quot;:5000,&quot;background_slideshow_slide_transition&quot;:&quot;fade&quot;,&quot;background_slideshow_transition_duration&quot;:500}\">\n\t\t\t\t\t\t<div class=\"elementor-container elementor-column-gap-default\">\n\t\t\t\t\t<div class=\"elementor-column elementor-col-50 elementor-inner-column elementor-element elementor-element-7703ea0\" data-id=\"7703ea0\" data-element_type=\"column\">\n\t\t\t<div class=\"elementor-widget-wrap elementor-element-populated\">\n\t\t\t\t\t\t<div class=\"elementor-element elementor-element-6e9d82a elementor-widget elementor-widget-heading\" data-id=\"6e9d82a\" data-element_type=\"widget\" data-widget_type=\"heading.default\">\n\t\t\t\t<div class=\"elementor-widget-container\">\n\t\t\t\t\t<h2 class=\"elementor-heading-title elementor-size-default\">Ingl\u00e9s para j\u00f3venes<\/h2>\t\t\t\t<\/div>\n\t\t\t\t<\/div>\n\t\t\t\t<div class=\"elementor-element elementor-element-52b560e elementor-button-success elementor-align-center elementor-widget elementor-widget-button\" data-id=\"52b560e\" data-element_type=\"widget\" data-widget_type=\"button.default\">\n\t\t\t\t<div class=\"elementor-widget-container\">\n\t\t\t\t\t\t\t\t\t<div class=\"elementor-button-wrapper\">\n\t\t\t\t\t<a class=\"elementor-button elementor-button-link elementor-size-md\" href=\"https:\/\/cursos.mundoeducativodigital.com\/auth\/login\" target=\"_blank\">\n\t\t\t\t\t\t<span class=\"elementor-button-content-wrapper\">\n\t\t\t\t\t\t<span class=\"elementor-button-icon\">\n\t\t\t\t<i aria-hidden=\"true\" class=\"far fa-hand-point-up\"><\/i>\t\t\t<\/span>\n\t\t\t\t\t\t\t\t\t<span class=\"elementor-button-text\">Ingresar al curso de Ingl\u00e9s para j\u00f3venes<\/span>\n\t\t\t\t\t<\/span>\n\t\t\t\t\t<\/a>\n\t\t\t\t<\/div>\n\t\t\t\t\t\t\t\t<\/div>\n\t\t\t\t<\/div>\n\t\t\t\t<div class=\"elementor-element elementor-element-cc6333a elementor-widget elementor-widget-image\" data-id=\"cc6333a\" data-element_type=\"widget\" data-widget_type=\"image.default\">\n\t\t\t\t<div class=\"elementor-widget-container\">\n\t\t\t\t\t\t\t\t\t\t\t\t\t\t\t<img decoding=\"async\" width=\"640\" height=\"429\" src=\"https:\/\/mundoeducativodigital.com\/wp-content\/uploads\/2021\/02\/discussing-video-course1-1024x686.jpg\" class=\"attachment-large size-large wp-image-1706\" alt=\"\" srcset=\"https:\/\/mundoeducativodigital.com\/wp-content\/uploads\/2021\/02\/discussing-video-course1-1024x686.jpg 1024w, https:\/\/mundoeducativodigital.com\/wp-content\/uploads\/2021\/02\/discussing-video-course1-300x201.jpg 300w, https:\/\/mundoeducativodigital.com\/wp-content\/uploads\/2021\/02\/discussing-video-course1-768x515.jpg 768w, https:\/\/mundoeducativodigital.com\/wp-content\/uploads\/2021\/02\/discussing-video-course1-1536x1030.jpg 1536w, https:\/\/mundoeducativodigital.com\/wp-content\/uploads\/2021\/02\/discussing-video-course1-2048x1373.jpg 2048w\" sizes=\"(max-width: 640px) 100vw, 640px\" \/>\t\t\t\t\t\t\t\t\t\t\t\t\t\t\t<\/div>\n\t\t\t\t<\/div>\n\t\t\t\t<div class=\"elementor-element elementor-element-3e61444 elementor-widget elementor-widget-video\" data-id=\"3e61444\" data-element_type=\"widget\" data-settings=\"{&quot;youtube_url&quot;:&quot;https:\\\/\\\/www.youtube.com\\\/watch?v=A-GtqRJ-SPc&amp;ab_channel=mundoeducativodigital&quot;,&quot;video_type&quot;:&quot;youtube&quot;,&quot;controls&quot;:&quot;yes&quot;}\" data-widget_type=\"video.default\">\n\t\t\t\t<div class=\"elementor-widget-container\">\n\t\t\t\t\t\t\t<div class=\"elementor-wrapper elementor-open-inline\">\n\t\t\t<div class=\"elementor-video\"><\/div>\t\t<\/div>\n\t\t\t\t\t\t<\/div>\n\t\t\t\t<\/div>\n\t\t\t\t\t<\/div>\n\t\t<\/div>\n\t\t\t\t<div class=\"elementor-column elementor-col-50 elementor-inner-column elementor-element elementor-element-2a23591\" data-id=\"2a23591\" data-element_type=\"column\">\n\t\t\t<div class=\"elementor-widget-wrap elementor-element-populated\">\n\t\t\t\t\t\t<div class=\"elementor-element elementor-element-c294386 elementor-widget elementor-widget-text-editor\" data-id=\"c294386\" data-element_type=\"widget\" data-widget_type=\"text-editor.default\">\n\t\t\t\t<div class=\"elementor-widget-container\">\n\t\t\t\t\t\t\t\t\t<p>English World for Teenagers es una excepcional plataforma de autoformaci\u00f3n dise\u00f1ada para adolescentes y personas adultas que desean mejorar sus habilidades en ingl\u00e9s. Con una amplia gama de recursos y funciones, esta plataforma proporciona una experiencia inmersiva y atractiva para ayudar a los estudiantes a alcanzar un nivel intermedio de dominio del ingl\u00e9s.<\/p><p>En English World for Teenagers, el proceso de aprendizaje se basa en clases pregrabadas, lo que garantiza flexibilidad y comodidad para los usuarios. Los estudiantes pueden acceder a estas clases en cualquier momento, ya que la plataforma est\u00e1 activa las 24 horas del d\u00eda, los 7 d\u00edas de la semana, lo que elimina la necesidad de cumplir horarios estrictos. Las clases pregrabadas est\u00e1n dise\u00f1adas de manera meticulosa, cubriendo diversos aspectos del aprendizaje del idioma, como la escritura, la lectura, el vocabulario, la asociaci\u00f3n y la escucha.<\/p><p>Las pr\u00e1cticas de escritura ofrecidas en la plataforma permiten a los estudiantes perfeccionar sus habilidades de composici\u00f3n, brind\u00e1ndoles amplias oportunidades para expresarse creativamente mientras refuerzan la gram\u00e1tica y la estructura de las oraciones. A trav\u00e9s de ejercicios de lectura cuidadosamente seleccionados, los usuarios pueden ampliar sus habilidades de comprensi\u00f3n y desarrollar el pensamiento cr\u00edtico al explorar una selecci\u00f3n diversa de textos interesantes.<\/p><p>Las pr\u00e1cticas de vocabulario ofrecidas en English World for Teenagers ayudan a los estudiantes a enriquecer su repertorio de palabras y mejorar sus habilidades de comunicaci\u00f3n en general. Al participar en ejercicios de vocabulario, los usuarios pueden ampliar su conocimiento de palabras, frases hechas y expresiones, mejorando su capacidad para expresarse con precisi\u00f3n y fluidez.<\/p><p>La plataforma tambi\u00e9n ofrece pr\u00e1cticas de asociaci\u00f3n, que permiten a los estudiantes establecer conexiones entre palabras, conceptos y contextos. Estos ejercicios mejoran sus habilidades cognitivas y les ayudan a desarrollar una comprensi\u00f3n m\u00e1s profunda del idioma.<\/p><p>Adem\u00e1s, English World for Teenagers ofrece pr\u00e1cticas integrales de escucha para mejorar las habilidades auditivas de los estudiantes. Al exponer a los usuarios a una variedad de materiales de audio, como conversaciones, discursos y grabaciones, pueden mejorar su comprensi\u00f3n oral y entrenar sus o\u00eddos para entender diferentes acentos y patrones de habla.<\/p><p>Con English World for Teenagers, los individuos tienen la libertad de aprender a su propio ritmo, sin las limitaciones de horarios r\u00edgidos. Esta flexibilidad empodera a los estudiantes para tomar el control de su proceso de adquisici\u00f3n del idioma y progresar a una velocidad c\u00f3moda. Al final del programa, los usuarios pueden esperar haber alcanzado un nivel intermedio de dominio del ingl\u00e9s, lo que les proporcionar\u00e1 las habilidades necesarias para comunicarse de manera efectiva en diversas situaciones de la vida real.<\/p><p>Emb\u00e1rcate en tu viaje de aprendizaje del ingl\u00e9s con English World for Teenagers y desbloquea tu potencial para comunicarte de manera fluida y segura\u00a0en\u00a0ingl\u00e9s.<\/p>\t\t\t\t\t\t\t\t<\/div>\n\t\t\t\t<\/div>\n\t\t\t\t\t<\/div>\n\t\t<\/div>\n\t\t\t\t\t<\/div>\n\t\t<\/section>\n\t\t\t\t<div class=\"elementor-element elementor-element-820e733 elementor-widget-divider--view-line elementor-widget elementor-widget-divider\" data-id=\"820e733\" data-element_type=\"widget\" data-widget_type=\"divider.default\">\n\t\t\t\t<div class=\"elementor-widget-container\">\n\t\t\t\t\t\t\t<div class=\"elementor-divider\">\n\t\t\t<span class=\"elementor-divider-separator\">\n\t\t\t\t\t\t<\/span>\n\t\t<\/div>\n\t\t\t\t\t\t<\/div>\n\t\t\t\t<\/div>\n\t\t\t\t<section class=\"elementor-section elementor-inner-section elementor-element elementor-element-ed4bf3c elementor-section-boxed elementor-section-height-default elementor-section-height-default\" data-id=\"ed4bf3c\" data-element_type=\"section\" data-settings=\"{&quot;background_background&quot;:&quot;slideshow&quot;,&quot;background_slideshow_gallery&quot;:[],&quot;background_slideshow_loop&quot;:&quot;yes&quot;,&quot;background_slideshow_slide_duration&quot;:5000,&quot;background_slideshow_slide_transition&quot;:&quot;fade&quot;,&quot;background_slideshow_transition_duration&quot;:500}\">\n\t\t\t\t\t\t<div class=\"elementor-container elementor-column-gap-default\">\n\t\t\t\t\t<div class=\"elementor-column elementor-col-50 elementor-inner-column elementor-element elementor-element-f2eabf2\" data-id=\"f2eabf2\" data-element_type=\"column\">\n\t\t\t<div class=\"elementor-widget-wrap elementor-element-populated\">\n\t\t\t\t\t\t<div class=\"elementor-element elementor-element-a48279d elementor-widget elementor-widget-heading\" data-id=\"a48279d\" data-element_type=\"widget\" data-widget_type=\"heading.default\">\n\t\t\t\t<div class=\"elementor-widget-container\">\n\t\t\t\t\t<h2 class=\"elementor-heading-title elementor-size-default\">Ingl\u00e9s para ni\u00f1os<\/h2>\t\t\t\t<\/div>\n\t\t\t\t<\/div>\n\t\t\t\t<div class=\"elementor-element elementor-element-3c4a798 elementor-button-success elementor-align-center elementor-widget elementor-widget-button\" data-id=\"3c4a798\" data-element_type=\"widget\" data-widget_type=\"button.default\">\n\t\t\t\t<div class=\"elementor-widget-container\">\n\t\t\t\t\t\t\t\t\t<div class=\"elementor-button-wrapper\">\n\t\t\t\t\t<a class=\"elementor-button elementor-button-link elementor-size-md\" href=\"https:\/\/cursos.mundoeducativodigital.com\/auth\/login\" target=\"_blank\">\n\t\t\t\t\t\t<span class=\"elementor-button-content-wrapper\">\n\t\t\t\t\t\t<span class=\"elementor-button-icon\">\n\t\t\t\t<i aria-hidden=\"true\" class=\"far fa-hand-point-up\"><\/i>\t\t\t<\/span>\n\t\t\t\t\t\t\t\t\t<span class=\"elementor-button-text\">Ingresar al curso de Ingl\u00e9s para ni\u00f1os<\/span>\n\t\t\t\t\t<\/span>\n\t\t\t\t\t<\/a>\n\t\t\t\t<\/div>\n\t\t\t\t\t\t\t\t<\/div>\n\t\t\t\t<\/div>\n\t\t\t\t<div class=\"elementor-element elementor-element-f7022a2 elementor-widget elementor-widget-image\" data-id=\"f7022a2\" data-element_type=\"widget\" data-widget_type=\"image.default\">\n\t\t\t\t<div class=\"elementor-widget-container\">\n\t\t\t\t\t\t\t\t\t\t\t\t\t\t\t<img decoding=\"async\" width=\"640\" height=\"426\" src=\"https:\/\/mundoeducativodigital.com\/wp-content\/uploads\/2023\/05\/hermano-hermana-pensativos-concentrados-sentados-sofa-casa-usando-computadora-portatil-videollamadas-o-viendo-videos-o-peliculas.jpg\" class=\"attachment-large size-large wp-image-1841\" alt=\"\" srcset=\"https:\/\/mundoeducativodigital.com\/wp-content\/uploads\/2023\/05\/hermano-hermana-pensativos-concentrados-sentados-sofa-casa-usando-computadora-portatil-videollamadas-o-viendo-videos-o-peliculas.jpg 1000w, https:\/\/mundoeducativodigital.com\/wp-content\/uploads\/2023\/05\/hermano-hermana-pensativos-concentrados-sentados-sofa-casa-usando-computadora-portatil-videollamadas-o-viendo-videos-o-peliculas-300x200.jpg 300w, https:\/\/mundoeducativodigital.com\/wp-content\/uploads\/2023\/05\/hermano-hermana-pensativos-concentrados-sentados-sofa-casa-usando-computadora-portatil-videollamadas-o-viendo-videos-o-peliculas-768x511.jpg 768w, https:\/\/mundoeducativodigital.com\/wp-content\/uploads\/2023\/05\/hermano-hermana-pensativos-concentrados-sentados-sofa-casa-usando-computadora-portatil-videollamadas-o-viendo-videos-o-peliculas-600x400.jpg 600w\" sizes=\"(max-width: 640px) 100vw, 640px\" \/>\t\t\t\t\t\t\t\t\t\t\t\t\t\t\t<\/div>\n\t\t\t\t<\/div>\n\t\t\t\t\t<\/div>\n\t\t<\/div>\n\t\t\t\t<div class=\"elementor-column elementor-col-50 elementor-inner-column elementor-element elementor-element-1e19d00\" data-id=\"1e19d00\" data-element_type=\"column\">\n\t\t\t<div class=\"elementor-widget-wrap elementor-element-populated\">\n\t\t\t\t\t\t<div class=\"elementor-element elementor-element-fa22dd2 elementor-widget elementor-widget-text-editor\" data-id=\"fa22dd2\" data-element_type=\"widget\" data-widget_type=\"text-editor.default\">\n\t\t\t\t<div class=\"elementor-widget-container\">\n\t\t\t\t\t\t\t\t\t<p>&#8220;English world for kids&#8221; es una innovadora plataforma de autoformaci\u00f3n dise\u00f1ada espec\u00edficamente para que los ni\u00f1os aprendan ingl\u00e9s de manera divertida y entretenida. Nuestra plataforma combina una variedad de actividades interactivas, que incluyen juegos de asociaci\u00f3n, ejercicios de deletreo, desaf\u00edos de vocabulario, videos educativos, PDF descargables e imprimibles, y rompecabezas. Al incorporar un enfoque basado en el juego, nos esforzamos por garantizar que los ni\u00f1os adquieran habilidades en el idioma ingl\u00e9s mientras se divierten.<\/p><p>Caracter\u00edsticas clave:<\/p><p>Actividades de Asociaci\u00f3n: Los ni\u00f1os se enfrentan a im\u00e1genes atractivas y se les anima a establecer conexiones entre palabras, objetos y conceptos. Esto les ayuda a desarrollar habilidades cognitivas y ampliar su vocabulario.<\/p><p>Ejercicios de Deletreo: A trav\u00e9s de juegos interactivos de deletreo, los ni\u00f1os practican la escritura correcta de palabras, reforzando su comprensi\u00f3n de la fon\u00e9tica en ingl\u00e9s y desarrollando sus habilidades de escritura.<\/p><p>Desaf\u00edos de Vocabulario: Nuestra plataforma ofrece una amplia variedad de ejercicios para construir vocabulario, permitiendo a los ni\u00f1os aprender y memorizar nuevas palabras de manera divertida e interactiva. Pueden explorar diferentes categor\u00edas tem\u00e1ticas y ampliar su repertorio de palabras.<\/p><p>Videos Educativos: Videos atractivos adaptados para los ni\u00f1os ofrecen estimulaci\u00f3n visual y auditiva, introduci\u00e9ndolos a varios aspectos del ingl\u00e9s, como gram\u00e1tica b\u00e1sica, pronunciaci\u00f3n y conversaciones. Estos videos mejoran la comprensi\u00f3n y fomentan el desarrollo del lenguaje.<\/p><p>PDFs Descargables e Imprimibles: Los ni\u00f1os pueden acceder a materiales en formato PDF descargables e imprimibles que complementan su proceso de aprendizaje. Estos materiales incluyen hojas de ejercicios, tarjetas did\u00e1cticas y actividades interactivas, permitiendo a los ni\u00f1os reforzar su conocimiento sin conexi\u00f3n y brindando a los padres recursos adicionales para el aprendizaje guiado.<\/p><p>Rompecabezas: Los rompecabezas interactivos proporcionan una forma divertida para que los ni\u00f1os refuercen sus habilidades en ingl\u00e9s. Al resolver los rompecabezas, mejoran sus habilidades de pensamiento cr\u00edtico, aumentan su retenci\u00f3n de vocabulario y fortalecen sus habilidades de resoluci\u00f3n de problemas.<\/p><p>Nuestro objetivo principal es crear una plataforma donde los ni\u00f1os puedan aprender ingl\u00e9s mientras se divierten. Al utilizar un enfoque l\u00fadico, fomentamos una actitud positiva hacia la adquisici\u00f3n del lenguaje y aumentamos la motivaci\u00f3n de los ni\u00f1os para explorar y participar con\u00a0el\u00a0material.<\/p>\t\t\t\t\t\t\t\t<\/div>\n\t\t\t\t<\/div>\n\t\t\t\t\t<\/div>\n\t\t<\/div>\n\t\t\t\t\t<\/div>\n\t\t<\/section>\n\t\t\t\t\t<\/div>\n\t\t<\/div>\n\t\t\t\t\t<\/div>\n\t\t<\/section>\n\t\t\t\t<\/div>\n\t\t","protected":false},"excerpt":{"rendered":"<p>PLATAFORMAS EDUCATIVAS ONLINE Ofim\u00e1tica Ingresar al curso de ofim\u00e1tica https:\/\/youtu.be\/N7kGotV0Hpo La Plataforma de Ofim\u00e1tica es una plataforma de aprendizaje en l\u00ednea dise\u00f1ada para ense\u00f1arte de manera completa y efectiva las herramientas m\u00e1s utilizadas en el mundo de la ofim\u00e1tica: Excel, PowerPoint y Word. Ya sea que est\u00e9s buscando mejorar tus habilidades existentes o comenzar desde cero, nuestra plataforma ofrece un&#8230;<\/p>\n","protected":false},"author":1,"featured_media":0,"parent":0,"menu_order":0,"comment_status":"closed","ping_status":"closed","template":"","meta":{"_joinchat":[],"footnotes":""},"class_list":["post-620","page","type-page","status-publish","hentry"],"_links":{"self":[{"href":"https:\/\/mundoeducativodigital.com\/index.php\/wp-json\/wp\/v2\/pages\/620","targetHints":{"allow":["GET"]}}],"collection":[{"href":"https:\/\/mundoeducativodigital.com\/index.php\/wp-json\/wp\/v2\/pages"}],"about":[{"href":"https:\/\/mundoeducativodigital.com\/index.php\/wp-json\/wp\/v2\/types\/page"}],"author":[{"embeddable":true,"href":"https:\/\/mundoeducativodigital.com\/index.php\/wp-json\/wp\/v2\/users\/1"}],"replies":[{"embeddable":true,"href":"https:\/\/mundoeducativodigital.com\/index.php\/wp-json\/wp\/v2\/comments?post=620"}],"version-history":[{"count":109,"href":"https:\/\/mundoeducativodigital.com\/index.php\/wp-json\/wp\/v2\/pages\/620\/revisions"}],"predecessor-version":[{"id":1917,"href":"https:\/\/mundoeducativodigital.com\/index.php\/wp-json\/wp\/v2\/pages\/620\/revisions\/1917"}],"wp:attachment":[{"href":"https:\/\/mundoeducativodigital.com\/index.php\/wp-json\/wp\/v2\/media?parent=620"}],"curies":[{"name":"wp","href":"https:\/\/api.w.org\/{rel}","templated":true}]}}