{"id":514,"date":"2021-02-03T13:41:57","date_gmt":"2021-02-03T13:41:57","guid":{"rendered":"https:\/\/mundoeducativodigital.com\/?page_id=514"},"modified":"2021-02-11T21:11:13","modified_gmt":"2021-02-11T21:11:13","slug":"contactenos","status":"publish","type":"page","link":"https:\/\/mundoeducativodigital.com\/index.php\/contactenos\/","title":{"rendered":"Cont\u00e1ctenos"},"content":{"rendered":"\t\t<div data-elementor-type=\"wp-page\" data-elementor-id=\"514\" class=\"elementor elementor-514\">\n\t\t\t\t\t\t<section class=\"elementor-section elementor-top-section elementor-element elementor-element-948757e elementor-section-boxed elementor-section-height-default elementor-section-height-default\" data-id=\"948757e\" data-element_type=\"section\">\n\t\t\t\t\t\t<div class=\"elementor-container elementor-column-gap-default\">\n\t\t\t\t\t<div class=\"elementor-column elementor-col-100 elementor-top-column elementor-element elementor-element-d986dc0\" data-id=\"d986dc0\" data-element_type=\"column\">\n\t\t\t<div class=\"elementor-widget-wrap elementor-element-populated\">\n\t\t\t\t\t\t<div class=\"elementor-element elementor-element-30fefcf elementor-widget elementor-widget-google_maps\" data-id=\"30fefcf\" data-element_type=\"widget\" data-widget_type=\"google_maps.default\">\n\t\t\t\t<div class=\"elementor-widget-container\">\n\t\t\t\t\t\t\t<div class=\"elementor-custom-embed\">\n\t\t\t<iframe loading=\"lazy\"\n\t\t\t\t\tsrc=\"https:\/\/maps.google.com\/maps?q=bogota%20Calle%2042f%20sur%20%23%2078H-52&#038;t=m&#038;z=17&#038;output=embed&#038;iwloc=near\"\n\t\t\t\t\ttitle=\"bogota Calle 42f sur # 78H-52\"\n\t\t\t\t\taria-label=\"bogota Calle 42f sur # 78H-52\"\n\t\t\t><\/iframe>\n\t\t<\/div>\n\t\t\t\t\t\t<\/div>\n\t\t\t\t<\/div>\n\t\t\t\t\t<\/div>\n\t\t<\/div>\n\t\t\t\t\t<\/div>\n\t\t<\/section>\n\t\t\t\t<section class=\"elementor-section elementor-top-section elementor-element elementor-element-2e57ac2 elementor-section-boxed elementor-section-height-default elementor-section-height-default\" data-id=\"2e57ac2\" data-element_type=\"section\">\n\t\t\t\t\t\t<div class=\"elementor-container elementor-column-gap-default\">\n\t\t\t\t\t<div class=\"elementor-column elementor-col-100 elementor-top-column elementor-element elementor-element-b0c99e7\" data-id=\"b0c99e7\" data-element_type=\"column\">\n\t\t\t<div class=\"elementor-widget-wrap elementor-element-populated\">\n\t\t\t\t\t\t<div class=\"elementor-element elementor-element-695c03e elementor-widget-divider--view-line elementor-widget elementor-widget-divider\" data-id=\"695c03e\" data-element_type=\"widget\" data-widget_type=\"divider.default\">\n\t\t\t\t<div class=\"elementor-widget-container\">\n\t\t\t\t\t\t\t<div class=\"elementor-divider\">\n\t\t\t<span class=\"elementor-divider-separator\">\n\t\t\t\t\t\t<\/span>\n\t\t<\/div>\n\t\t\t\t\t\t<\/div>\n\t\t\t\t<\/div>\n\t\t\t\t<div class=\"elementor-element elementor-element-367f314 elementor-widget elementor-widget-heading\" data-id=\"367f314\" data-element_type=\"widget\" data-widget_type=\"heading.default\">\n\t\t\t\t<div class=\"elementor-widget-container\">\n\t\t\t\t\t<h3 class=\"elementor-heading-title elementor-size-default\">D\u00c8JANOS TUS DATOS.\nUNO DE NUESTROS \nEXPERTOS \nTE CONTACTARA EN BREVE<\/h3>\t\t\t\t<\/div>\n\t\t\t\t<\/div>\n\t\t\t\t\t<\/div>\n\t\t<\/div>\n\t\t\t\t\t<\/div>\n\t\t<\/section>\n\t\t\t\t<section class=\"elementor-section elementor-top-section elementor-element elementor-element-50cce31 elementor-section-boxed elementor-section-height-default elementor-section-height-default\" data-id=\"50cce31\" data-element_type=\"section\">\n\t\t\t\t\t\t<div class=\"elementor-container elementor-column-gap-default\">\n\t\t\t\t\t<div class=\"elementor-column elementor-col-66 elementor-top-column elementor-element elementor-element-7752c49\" data-id=\"7752c49\" data-element_type=\"column\">\n\t\t\t<div class=\"elementor-widget-wrap elementor-element-populated\">\n\t\t\t\t\t\t<div class=\"elementor-element elementor-element-b97a095 eael-contact-form-7-button-full-width elementor-widget elementor-widget-eael-contact-form-7\" data-id=\"b97a095\" data-element_type=\"widget\" data-widget_type=\"eael-contact-form-7.default\">\n\t\t\t\t<div class=\"elementor-widget-container\">\n\t\t\t\t\t<div class=\"eael-contact-form-7-wrapper\">\n                <div class=\"eael-contact-form eael-contact-form-7 eael-contact-form-b97a095 placeholder-show eael-custom-radio-checkbox eael-contact-form-align-default\">\n<div class=\"wpcf7 no-js\" id=\"wpcf7-f1214-o1\" lang=\"es-CO\" dir=\"ltr\" data-wpcf7-id=\"1214\">\n<div class=\"screen-reader-response\"><p role=\"status\" aria-live=\"polite\" aria-atomic=\"true\"><\/p> <ul><\/ul><\/div>\n<form action=\"\/index.php\/wp-json\/wp\/v2\/pages\/514#wpcf7-f1214-o1\" method=\"post\" class=\"wpcf7-form init\" aria-label=\"Formulario de contacto\" novalidate=\"novalidate\" data-status=\"init\">\n<div style=\"display: none;\">\n<input type=\"hidden\" name=\"_wpcf7\" value=\"1214\" \/>\n<input type=\"hidden\" name=\"_wpcf7_version\" value=\"6.0.6\" \/>\n<input type=\"hidden\" name=\"_wpcf7_locale\" value=\"es_CO\" \/>\n<input type=\"hidden\" name=\"_wpcf7_unit_tag\" value=\"wpcf7-f1214-o1\" \/>\n<input type=\"hidden\" name=\"_wpcf7_container_post\" value=\"0\" \/>\n<input type=\"hidden\" name=\"_wpcf7_posted_data_hash\" value=\"\" \/>\n<\/div>\n<p><label> Tu nombre<br \/>\n<span class=\"wpcf7-form-control-wrap\" data-name=\"your-name\"><input size=\"40\" maxlength=\"400\" class=\"wpcf7-form-control wpcf7-text wpcf7-validates-as-required\" aria-required=\"true\" aria-invalid=\"false\" placeholder=\"Nombre:\" value=\"\" type=\"text\" name=\"your-name\" \/><\/span> <\/label><br \/>\n<label> Tu correo electr\u00f3nico<br \/>\n<span class=\"wpcf7-form-control-wrap\" data-name=\"your-email\"><input size=\"40\" maxlength=\"400\" class=\"wpcf7-form-control wpcf7-email wpcf7-validates-as-required wpcf7-text wpcf7-validates-as-email\" aria-required=\"true\" aria-invalid=\"false\" placeholder=\"E-mail:\" value=\"\" type=\"email\" name=\"your-email\" \/><\/span> <\/label><br \/>\n<label> Celular<br \/>\n<span class=\"wpcf7-form-control-wrap\" data-name=\"your-\"><input size=\"40\" maxlength=\"400\" class=\"wpcf7-form-control wpcf7-tel wpcf7-validates-as-required wpcf7-text wpcf7-validates-as-tel\" aria-required=\"true\" aria-invalid=\"false\" placeholder=\"Celular:\" value=\"\" type=\"tel\" name=\"your-\" \/><\/span> <\/label><br \/>\n<label> Profesi\u00f3n<br \/>\n<span class=\"wpcf7-form-control-wrap\" data-name=\"your-subject\"><input size=\"40\" maxlength=\"400\" class=\"wpcf7-form-control wpcf7-text wpcf7-validates-as-required\" aria-required=\"true\" aria-invalid=\"false\" placeholder=\"Escribe sus profesi\u00f3n:\" value=\"\" type=\"text\" name=\"your-subject\" \/><\/span> <\/label><br \/>\n<label> Cu\u00e9ntanos que servicio deseas:<br \/>\n<span class=\"wpcf7-form-control-wrap\" data-name=\"your-message\"><textarea cols=\"40\" rows=\"10\" maxlength=\"2000\" class=\"wpcf7-form-control wpcf7-textarea\" aria-invalid=\"false\" name=\"your-message\"><\/textarea><\/span> <\/label>\n<\/p>\n<p><label> Responde esta pregunta de seguridad <\/label><br \/>\n<span class=\"wpcf7-form-control-wrap\" data-name=\"pregunta-seguridad\"><label><span class=\"wpcf7-quiz-label\">\u00bfCu\u00e1nto es? 3+2<\/span> <input size=\"40\" class=\"wpcf7-form-control wpcf7-quiz\" autocomplete=\"off\" aria-required=\"true\" aria-invalid=\"false\" type=\"text\" name=\"pregunta-seguridad\" \/><\/label><input type=\"hidden\" name=\"_wpcf7_quiz_answer_pregunta-seguridad\" value=\"c1fd0a5478855bfa49723a957ec7ff4f\" \/><\/span>\n<\/p>\n<p><span class=\"wpcf7-form-control-wrap\" data-name=\"RGPD\"><span class=\"wpcf7-form-control wpcf7-acceptance\"><span class=\"wpcf7-list-item\"><label><input type=\"checkbox\" name=\"RGPD\" value=\"1\" aria-invalid=\"false\" \/><span class=\"wpcf7-list-item-label\">Acepto la pol\u00edtica de privacidad clausula Aclaratoria:\nLa inscripci\u00f3n en el presente formulario le da la oportunidad de compartir sus datos con OME para la consecuci\u00f3n de oportunidades de realizar actividades. En ning\u00fan caso representa una obligaci\u00f3n de vinculaci\u00f3n laboral o contrataci\u00f3n directa.\nAutorizo a OME a manejar mi informaci\u00f3n para fines de contacto y declaro suscribirme a este formulario por voluntad propia.<\/span><\/label><\/span><\/span><\/span><br \/>\n<input class=\"wpcf7-form-control wpcf7-submit has-spinner\" type=\"submit\" value=\"Enviar\" \/>\n<\/p><p style=\"display: none !important;\" class=\"akismet-fields-container\" data-prefix=\"_wpcf7_ak_\"><label>&#916;<textarea name=\"_wpcf7_ak_hp_textarea\" cols=\"45\" rows=\"8\" maxlength=\"100\"><\/textarea><\/label><input type=\"hidden\" id=\"ak_js_1\" name=\"_wpcf7_ak_js\" value=\"162\"\/><script>document.getElementById( \"ak_js_1\" ).setAttribute( \"value\", ( new Date() ).getTime() );<\/script><\/p><div class=\"wpcf7-response-output\" aria-hidden=\"true\"><\/div>\n<\/form>\n<\/div>\n<\/div>\n            <\/div>\t\t\t\t<\/div>\n\t\t\t\t<\/div>\n\t\t\t\t\t<\/div>\n\t\t<\/div>\n\t\t\t\t<div class=\"elementor-column elementor-col-33 elementor-top-column elementor-element elementor-element-8955d15\" data-id=\"8955d15\" data-element_type=\"column\">\n\t\t\t<div class=\"elementor-widget-wrap elementor-element-populated\">\n\t\t\t\t\t\t<div class=\"elementor-element elementor-element-c643869 elementor-widget elementor-widget-image\" data-id=\"c643869\" data-element_type=\"widget\" data-widget_type=\"image.default\">\n\t\t\t\t<div class=\"elementor-widget-container\">\n\t\t\t\t\t\t\t\t\t\t\t\t\t\t\t<img fetchpriority=\"high\" decoding=\"async\" width=\"640\" height=\"424\" src=\"https:\/\/mundoeducativodigital.com\/wp-content\/uploads\/2021\/02\/contact-us-2993000_1920-1024x678.jpg\" class=\"attachment-large size-large wp-image-1234\" alt=\"\" srcset=\"https:\/\/mundoeducativodigital.com\/wp-content\/uploads\/2021\/02\/contact-us-2993000_1920-1024x678.jpg 1024w, https:\/\/mundoeducativodigital.com\/wp-content\/uploads\/2021\/02\/contact-us-2993000_1920-300x199.jpg 300w, https:\/\/mundoeducativodigital.com\/wp-content\/uploads\/2021\/02\/contact-us-2993000_1920-768x508.jpg 768w, https:\/\/mundoeducativodigital.com\/wp-content\/uploads\/2021\/02\/contact-us-2993000_1920-1536x1017.jpg 1536w, https:\/\/mundoeducativodigital.com\/wp-content\/uploads\/2021\/02\/contact-us-2993000_1920.jpg 1920w\" sizes=\"(max-width: 640px) 100vw, 640px\" \/>\t\t\t\t\t\t\t\t\t\t\t\t\t\t\t<\/div>\n\t\t\t\t<\/div>\n\t\t\t\t\t<\/div>\n\t\t<\/div>\n\t\t\t\t\t<\/div>\n\t\t<\/section>\n\t\t\t\t<\/div>\n\t\t","protected":false},"excerpt":{"rendered":"<p>D\u00c8JANOS TUS DATOS. UNO DE NUESTROS EXPERTOS TE CONTACTARA EN BREVE Tu nombre Tu correo electr\u00f3nico Celular Profesi\u00f3n Cu\u00e9ntanos que servicio deseas: Responde esta pregunta de seguridad \u00bfCu\u00e1nto es? 3+2 Acepto la pol\u00edtica de privacidad clausula Aclaratoria: La inscripci\u00f3n en el presente formulario le da la oportunidad de compartir sus datos con OME para la consecuci\u00f3n de oportunidades de realizar&#8230;<\/p>\n","protected":false},"author":1,"featured_media":1067,"parent":0,"menu_order":0,"comment_status":"closed","ping_status":"closed","template":"","meta":{"_joinchat":[],"footnotes":""},"class_list":["post-514","page","type-page","status-publish","has-post-thumbnail","hentry"],"_links":{"self":[{"href":"https:\/\/mundoeducativodigital.com\/index.php\/wp-json\/wp\/v2\/pages\/514","targetHints":{"allow":["GET"]}}],"collection":[{"href":"https:\/\/mundoeducativodigital.com\/index.php\/wp-json\/wp\/v2\/pages"}],"about":[{"href":"https:\/\/mundoeducativodigital.com\/index.php\/wp-json\/wp\/v2\/types\/page"}],"author":[{"embeddable":true,"href":"https:\/\/mundoeducativodigital.com\/index.php\/wp-json\/wp\/v2\/users\/1"}],"replies":[{"embeddable":true,"href":"https:\/\/mundoeducativodigital.com\/index.php\/wp-json\/wp\/v2\/comments?post=514"}],"version-history":[{"count":68,"href":"https:\/\/mundoeducativodigital.com\/index.php\/wp-json\/wp\/v2\/pages\/514\/revisions"}],"predecessor-version":[{"id":1318,"href":"https:\/\/mundoeducativodigital.com\/index.php\/wp-json\/wp\/v2\/pages\/514\/revisions\/1318"}],"wp:featuredmedia":[{"embeddable":true,"href":"https:\/\/mundoeducativodigital.com\/index.php\/wp-json\/wp\/v2\/media\/1067"}],"wp:attachment":[{"href":"https:\/\/mundoeducativodigital.com\/index.php\/wp-json\/wp\/v2\/media?parent=514"}],"curies":[{"name":"wp","href":"https:\/\/api.w.org\/{rel}","templated":true}]}}